{"id":9,"date":"2011-07-14T19:46:13","date_gmt":"2011-07-14T19:46:13","guid":{"rendered":"https:\/\/agapecentrum.sk\/portfolio\/"},"modified":"2020-10-10T10:09:07","modified_gmt":"2020-10-10T10:09:07","slug":"kalendar","status":"publish","type":"page","link":"https:\/\/agapecentrum.sk\/?page_id=9","title":{"rendered":"Kalend\u00e1r"},"content":{"rendered":"\n<div class=\"wp-block-group\"><div class=\"wp-block-group__inner-container is-layout-flow wp-block-group-is-layout-flow\">\n<h2 class=\"wp-block-heading\">Pravideln\u00e9 sretnutia zboru<\/h2>\n<\/div><\/div>\n\n\n\n<table class=\"wp-block-advgb-table advgb-table-frontend\"><tbody><tr><td><strong>Nede\u013ea<\/strong><\/td><td>8:45 Zborov\u00e9 modlitby  &#8211; Agape centrum P\u00fachov<\/td><\/tr><tr><td><\/td><td>9:30 Bohoslu\u017eby<\/td><\/tr><tr><td><\/td><td>10:00 Detsk\u00e9 bohoslu\u017eby<\/td><\/tr><tr><td><strong>Utorok<\/strong><\/td><td>17:00 Connect Club &#8211; Agape centrum P\u00fachov<\/td><\/tr><tr><td><\/td><td>18:00 Dom\u00e1ca skupinka, Ladce &#8211; Tune\u017eice<\/td><\/tr><tr><td><strong>Streda<\/strong><\/td><td>18:00 Dom\u00e1ca skupinka P\u00fachov<\/td><\/tr><tr><td><\/td><td>18:00 Dom\u00e1ca skupinka Pova\u017esk\u00e1 Bystrica<\/td><\/tr><tr><td><strong>\u0160tvrtok<\/strong><\/td><td>18:00 Dom\u00e1ca skupinka Nem\u0161ov\u00e1<\/td><\/tr><\/tbody><\/table>\n\n\n\n<p><\/p>\n","protected":false},"excerpt":{"rendered":"<p>Pravideln\u00e9 sretnutia zboru<\/p>\n","protected":false},"author":1,"featured_media":0,"parent":0,"menu_order":2,"comment_status":"closed","ping_status":"closed","template":"","meta":{"advgb_blocks_editor_width":"","advgb_blocks_columns_visual_guide":"","_EventAllDay":false,"_EventTimezone":"","_EventStartDate":"","_EventEndDate":"","_EventStartDateUTC":"","_EventEndDateUTC":"","_EventShowMap":false,"_EventShowMapLink":false,"_EventURL":"","_EventCost":"","_EventCostDescription":"","_EventCurrencySymbol":"","_EventCurrencyCode":"","_EventCurrencyPosition":"","_EventDateTimeSeparator":"","_EventTimeRangeSeparator":"","_EventOrganizerID":[],"_EventVenueID":[],"_OrganizerEmail":"","_OrganizerPhone":"","_OrganizerWebsite":"","_VenueAddress":"","_VenueCity":"","_VenueCountry":"","_VenueProvince":"","_VenueState":"","_VenueZip":"","_VenuePhone":"","_VenueURL":"","_VenueStateProvince":"","_VenueLat":"","_VenueLng":"","_VenueShowMap":false,"_VenueShowMapLink":false,"footnotes":""},"class_list":["post-9","page","type-page","status-publish","hentry"],"coauthors":[],"author_meta":{"author_link":"https:\/\/agapecentrum.sk\/?author=1","display_name":"admin"},"relative_dates":{"created":"Posted 15 rokov ago","modified":"Updated 6 rokov ago"},"absolute_dates":{"created":"Posted on 14 j\u00fala, 2011","modified":"Updated on 10 okt\u00f3bra, 2020"},"absolute_dates_time":{"created":"Posted on 14 j\u00fala, 2011 7:46 pm","modified":"Updated on 10 okt\u00f3bra, 2020 10:09 am"},"featured_img_caption":"","featured_img":false,"series_order":"","_links":{"self":[{"href":"https:\/\/agapecentrum.sk\/index.php?rest_route=\/wp\/v2\/pages\/9","targetHints":{"allow":["GET"]}}],"collection":[{"href":"https:\/\/agapecentrum.sk\/index.php?rest_route=\/wp\/v2\/pages"}],"about":[{"href":"https:\/\/agapecentrum.sk\/index.php?rest_route=\/wp\/v2\/types\/page"}],"author":[{"embeddable":true,"href":"https:\/\/agapecentrum.sk\/index.php?rest_route=\/wp\/v2\/users\/1"}],"replies":[{"embeddable":true,"href":"https:\/\/agapecentrum.sk\/index.php?rest_route=%2Fwp%2Fv2%2Fcomments&post=9"}],"version-history":[{"count":5,"href":"https:\/\/agapecentrum.sk\/index.php?rest_route=\/wp\/v2\/pages\/9\/revisions"}],"predecessor-version":[{"id":2655,"href":"https:\/\/agapecentrum.sk\/index.php?rest_route=\/wp\/v2\/pages\/9\/revisions\/2655"}],"wp:attachment":[{"href":"https:\/\/agapecentrum.sk\/index.php?rest_route=%2Fwp%2Fv2%2Fmedia&parent=9"}],"curies":[{"name":"wp","href":"https:\/\/api.w.org\/{rel}","templated":true}]}}