{"id":2335,"date":"2017-02-06T20:12:53","date_gmt":"2017-02-06T20:12:53","guid":{"rendered":"https:\/\/agapecentrum.sk\/?page_id=2335"},"modified":"2020-09-28T14:42:14","modified_gmt":"2020-09-28T14:42:14","slug":"podcasty","status":"publish","type":"page","link":"https:\/\/agapecentrum.sk\/?page_id=2335","title":{"rendered":"M\u00e9di\u00e1"},"content":{"rendered":"\n<div class=\"wp-block-group\"><div class=\"wp-block-group__inner-container is-layout-flow wp-block-group-is-layout-flow\">\n<p><strong>SLOVO PASTORA<\/strong><\/p>\n\n\n\n<p><strong>BOHAT\u00c1 MINULOS\u0164 &#8211; \u0160\u0164ASTN\u00c1 BUD\u00daCNOS\u0164<\/strong><\/p>\n\n\n\n<p><em>Lebo ja zn\u00e1m my\u0161lienky, ktor\u00e9 mysl\u00edm o v\u00e1s, hovor\u00ed Hospodin, my\u0161lienky pokoja a nie zl\u00e9ho, aby som v\u00e1m dal \u0161\u0165astn\u00fa bud\u00facnos\u0165&#8230; Jer 29,11<\/em><\/p>\n\n\n\n<p>Hodina za hodinou, de\u0148 za d\u0148om r\u00fdchlo utek\u00e1. T\u00fd\u017edne, mesiace, roky sa m\u00ed\u0148aj\u00fa. Minulos\u0165 zost\u00e1va v spomienkach a nie je mo\u017en\u00e9, aby bola zabudnut\u00e1. Boh ju zap\u00edsal do svojej knihy bez rozdielu na to, \u010di bola dobr\u00e1 alebo zl\u00e1. Mnoh\u00ed \u013eudia \u017eij\u00fa dnes za\u0165a\u017een\u00ed svojou minulos\u0165ou. Tr\u00e1pia ich hriechy minulosti. Bol\u00ed ich hlava pri spomienkach na prem\u00e1rnen\u00fd \u010das, \u017eivot. N\u00e1sledky \u017en\u00fa v ka\u017edej chv\u00edli svojho \u017eivota. S\u00fa zotro\u010den\u00ed minulos\u0165ou, v pr\u00edtomnosti \u017eij\u00fa t\u00fdran\u00ed ne\u010dist\u00fdm svedom\u00edm, s\u00fa bez n\u00e1deje na bud\u00facnos\u0165.<\/p>\n\n\n\n<p>Minulos\u0165 nem\u00f4\u017eeme vr\u00e1ti\u0165 sp\u00e4\u0165, ani ju zmeni\u0165. Nepom\u00f4\u017ee ani seba\u013e\u00fatos\u0165 a obvi\u0148ovanie. Av\u0161ak m\u00f4\u017eeme ju prinies\u0165 ku kr\u00ed\u017eu P\u00e1na Je\u017ei\u0161a Krista, aby n\u00e1m ju odpustil a oslobodil n\u00e1s od ka\u017edej nepr\u00e1vosti. V \u017dalme 32 D\u00e1vid nehovor\u00ed, \u017ee je blahoslaven\u00fd ten, kto nikdy nezlyhal, ale ten, kto m\u00e1 svoju minulos\u0165 vysporiadan\u00fa s Bohom v pok\u00e1n\u00ed.<\/p>\n\n\n\n<p>Mo\u017eno je to pre n\u00e1s prekvapiv\u00e9, ale pre\u0161lo u\u017e 20 rokov od zalo\u017eenia zboru ACS v P\u00fachove. Za toto obdobie sme toho pre\u017eili s P\u00e1nom Je\u017ei\u0161om Kristom ve\u013emi ve\u013ea. Nebolo to jednoduch\u00e9 a \u013eahk\u00e9 obdobie, ale v\u0161etk\u00fdm n\u00e1m je zrejm\u00e9, \u017ee Bo\u017eia milos\u0165 a l\u00e1ska bola s nami.<\/p>\n\n\n\n<p>Sme na za\u010diatku nov\u00e9ho obdobia a nikto nevie, \u010do v\u0161etko n\u00e1s v \u0148om \u010dak\u00e1, av\u0161ak vieme, \u017ee Boh m\u00e1 v\u0161etko pod kontrolou a \u017ee Jemu m\u00f4\u017eeme vo v\u0161etkom d\u00f4verova\u0165. Preto bu\u010fme bdel\u00ed, pripraven\u00ed \u010deli\u0165 r\u00f4znym n\u00e1strah\u00e1m a poku\u0161eniam. Postavme sa na modlitb\u00e1ch a&nbsp;v&nbsp;duchovnom boji proti taktike a \u00fasko\u010dnosti diablovej. Nespoliehajme sa na seba, nebojujme \u013eudsk\u00fdmi met\u00f3dami. Odejme sa do moci z v\u00fdsosti, lebo len to je z\u00e1rukou skuto\u010dn\u00e9ho a trval\u00e9ho v\u00ed\u0165azstva. Aj keby sme zlyhali, neho\u010fme flintu do \u017eita, ale vyu\u017eime milos\u0165 pok\u00e1nia. Boh m\u00e1 s nami n\u00e1dhern\u00e9 pl\u00e1ny, preto si nedovo\u013eme preda\u0165 Bo\u017eiu v\u00f4\u013eu za \u201emisu \u0161o\u0161ovice\u201c (\u017did 12,15-17).<\/p>\n\n\n\n<p>\u010eakujme Bohu za to, \u017ee je vern\u00fd a \u017ee svoju milos\u0165 obnovuje ku n\u00e1m ka\u017ed\u00fd de\u0148 (\u017dalospevy 3,22-26). \u017dime v pokore a b\u00e1zni pred Bohom ka\u017ed\u00fd de\u0148. H\u013eadajme najprv kr\u00e1\u013eovstvo Bo\u017eie a jeho spravodlivos\u0165 ka\u017ed\u00fd de\u0148 a Boh s\u013e\u00fabil, \u017ee sa postar\u00e1 o na\u0161u s\u00fa\u010dasnos\u0165 a d\u00e1 n\u00e1m \u0161\u0165astn\u00fa bud\u00facnos\u0165.<\/p>\n\n\n\n<p>Nech v\u00e1s P\u00e1n Je\u017ei\u0161 po\u017eehn\u00e1 v pozn\u00e1van\u00ed a konan\u00ed Jeho v\u00f4le pre v\u00e1\u0161 \u017eivot.<\/p>\n\n\n\n<p>V\u00e1\u0161 v P\u00e1novi Je\u017ei\u0161ovi Kristovi<\/p>\n\n\n\n<p>\u0160tefan Pap<\/p>\n\n\n\n<p>Senior pastor zboru ACS v P\u00fachove<\/p>\n\n\n\n<div style=\"height:100px\" aria-hidden=\"true\" class=\"wp-block-spacer\"><\/div>\n\n\n\n<h2 class=\"wp-block-heading\">Online bohoslu\u017eby<\/h2>\n\n\n\n<p>Tu je odkaz na n\u00e1\u0161 youtube kan\u00e1l: <a href=\"https:\/\/www.youtube.com\/channel\/UCwHgGr-a7C8FRauQh4xCqzA\">https:\/\/www.youtube.com\/channel\/UCwHgGr-a7C8FRauQh4xCqzA<\/a><\/p>\n<\/div><\/div>\n\n\n\n<figure class=\"wp-block-embed-youtube wp-block-embed is-type-video is-provider-youtube wp-embed-aspect-16-9 wp-has-aspect-ratio\"><div class=\"wp-block-embed__wrapper\">\n<iframe loading=\"lazy\" title=\"Bohosluz\u030cby Onilne 3.5.2020\" width=\"805\" height=\"453\" src=\"https:\/\/www.youtube.com\/embed\/6YXWzGfwSf4?feature=oembed\" frameborder=\"0\" allow=\"accelerometer; autoplay; clipboard-write; encrypted-media; gyroscope; picture-in-picture\" allowfullscreen><\/iframe>\n<\/div><\/figure>\n","protected":false},"excerpt":{"rendered":"<p>SLOVO PASTORA BOHAT\u00c1 MINULOS\u0164 &#8211; \u0160\u0164ASTN\u00c1 BUD\u00daCNOS\u0164 Lebo ja zn\u00e1m my\u0161lienky, ktor\u00e9 mysl\u00edm o v\u00e1s, hovor\u00ed Hospodin, my\u0161lienky pokoja a nie zl\u00e9ho, aby som v\u00e1m dal \u0161\u0165astn\u00fa bud\u00facnos\u0165&#8230; Jer 29,11 [&hellip;]<\/p>\n","protected":false},"author":1,"featured_media":0,"parent":0,"menu_order":0,"comment_status":"closed","ping_status":"closed","template":"","meta":{"advgb_blocks_editor_width":"","advgb_blocks_columns_visual_guide":"","_EventAllDay":false,"_EventTimezone":"","_EventStartDate":"","_EventEndDate":"","_EventStartDateUTC":"","_EventEndDateUTC":"","_EventShowMap":false,"_EventShowMapLink":false,"_EventURL":"","_EventCost":"","_EventCostDescription":"","_EventCurrencySymbol":"","_EventCurrencyCode":"","_EventCurrencyPosition":"","_EventDateTimeSeparator":"","_EventTimeRangeSeparator":"","_EventOrganizerID":[],"_EventVenueID":[],"_OrganizerEmail":"","_OrganizerPhone":"","_OrganizerWebsite":"","_VenueAddress":"","_VenueCity":"","_VenueCountry":"","_VenueProvince":"","_VenueState":"","_VenueZip":"","_VenuePhone":"","_VenueURL":"","_VenueStateProvince":"","_VenueLat":"","_VenueLng":"","_VenueShowMap":false,"_VenueShowMapLink":false,"footnotes":""},"class_list":["post-2335","page","type-page","status-publish","hentry"],"coauthors":[],"author_meta":{"author_link":"https:\/\/agapecentrum.sk\/?author=1","display_name":"admin"},"relative_dates":{"created":"Posted 9 rokov ago","modified":"Updated 6 rokov ago"},"absolute_dates":{"created":"Posted on 6 febru\u00e1ra, 2017","modified":"Updated on 28 septembra, 2020"},"absolute_dates_time":{"created":"Posted on 6 febru\u00e1ra, 2017 8:12 pm","modified":"Updated on 28 septembra, 2020 2:42 pm"},"featured_img_caption":"","featured_img":false,"series_order":"","_links":{"self":[{"href":"https:\/\/agapecentrum.sk\/index.php?rest_route=\/wp\/v2\/pages\/2335","targetHints":{"allow":["GET"]}}],"collection":[{"href":"https:\/\/agapecentrum.sk\/index.php?rest_route=\/wp\/v2\/pages"}],"about":[{"href":"https:\/\/agapecentrum.sk\/index.php?rest_route=\/wp\/v2\/types\/page"}],"author":[{"embeddable":true,"href":"https:\/\/agapecentrum.sk\/index.php?rest_route=\/wp\/v2\/users\/1"}],"replies":[{"embeddable":true,"href":"https:\/\/agapecentrum.sk\/index.php?rest_route=%2Fwp%2Fv2%2Fcomments&post=2335"}],"version-history":[{"count":5,"href":"https:\/\/agapecentrum.sk\/index.php?rest_route=\/wp\/v2\/pages\/2335\/revisions"}],"predecessor-version":[{"id":2582,"href":"https:\/\/agapecentrum.sk\/index.php?rest_route=\/wp\/v2\/pages\/2335\/revisions\/2582"}],"wp:attachment":[{"href":"https:\/\/agapecentrum.sk\/index.php?rest_route=%2Fwp%2Fv2%2Fmedia&parent=2335"}],"curies":[{"name":"wp","href":"https:\/\/api.w.org\/{rel}","templated":true}]}}