{"id":2326,"date":"2017-02-06T19:37:17","date_gmt":"2017-02-06T19:37:17","guid":{"rendered":"https:\/\/agapecentrum.sk\/?page_id=2326"},"modified":"2020-10-19T08:48:46","modified_gmt":"2020-10-19T08:48:46","slug":"sluzby","status":"publish","type":"page","link":"https:\/\/agapecentrum.sk\/?page_id=2326","title":{"rendered":"Slu\u017eby"},"content":{"rendered":"\n<div class=\"wp-block-group\"><div class=\"wp-block-group__inner-container is-layout-flow wp-block-group-is-layout-flow\">\n<div class=\"wp-block-group\"><div class=\"wp-block-group__inner-container is-layout-flow wp-block-group-is-layout-flow\">\n<h2 class=\"wp-block-heading\">Kres\u0165ansk\u00e9 centrum<\/h2>\n\n\n\n<p>Sl\u00fa\u017eime najm\u00e4 duchovn\u00fdm potreb\u00e1m \u010dlenov a priate\u013eov n\u00e1\u0161ho zboru. Preto zabezpe\u010dujeme r\u00f4zne stretnutia:<\/p>\n\n\n\n<ul class=\"wp-block-list\"><li>Bohoslu\u017eby, Dom\u00e1ce skupinky, Bohoslu\u017eby pre deti, dorast, ml\u00e1de\u017e a R\u00f3mske skupinky&#8230;<\/li><li>Osobn\u00fa pastor\u00e1ciu <\/li><li>Poradenstvo, V\u00fdchovno-vzdel\u00e1vacie projekty a\u00a0semin\u00e1re pre u\u010den\u00edkov, slu\u017eobn\u00edkov a\u00a0vodcov<\/li><li>Koncerty a konferencie<\/li><\/ul>\n<\/div><\/div>\n<\/div><\/div>\n\n\n\n<div style=\"height:100px\" aria-hidden=\"true\" class=\"wp-block-spacer\"><\/div>\n\n\n\n<div class=\"wp-block-group\"><div class=\"wp-block-group__inner-container is-layout-flow wp-block-group-is-layout-flow\">\n<h2 class=\"wp-block-heading\">Komunitn\u00e9 centrum<\/h2>\n<\/div><\/div>\n\n\n\n<p>Sme tu preto, aby sme cez r\u00f4zne projekty sl\u00fa\u017eili aj komunite, v ktorej \u017eijeme:<\/p>\n\n\n\n<ul class=\"wp-block-list\"><li>Slu\u017eba de\u0165om a mlad\u00fdm rodin\u00e1m<\/li><li>Kluby pre deti, dorast a ml\u00e1de\u017e<\/li><li>T\u00e1bory pre deti, dorast a ml\u00e1de\u017e<\/li><li>R\u00f4zne&nbsp; soci\u00e1lno &#8211; charitat\u00edvne projekty pre n\u00fadznych v P\u00fachove a okol\u00ed<\/li><li>Verejn\u00e9 evanjeliza\u010dn\u00e9 podujatia a koncerty.&nbsp;<\/li><\/ul>\n\n\n\n<div style=\"height:100px\" aria-hidden=\"true\" class=\"wp-block-spacer\"><\/div>\n\n\n\n<div class=\"wp-block-group\"><div class=\"wp-block-group__inner-container is-layout-flow wp-block-group-is-layout-flow\">\n<h2 class=\"wp-block-heading\">Misijn\u00e9 centrum<\/h2>\n\n\n\n<p>Agape centrum nepon\u00faka len slu\u017eby pre P\u00fachov a okolie, ale vystierame sa aj za na\u0161e geografick\u00e9 hranice:<\/p>\n\n\n\n<ul class=\"wp-block-list\"><li>Misia&nbsp; v mest\u00e1ch na Pova\u017e\u00ed<\/li><li>Misia Slov\u00e1kom v&nbsp;zahrani\u010d\u00ed<\/li><li>Misia R\u00f3mom na Pova\u017e\u00ed, Slovensku a v zahrani\u010d\u00ed&nbsp;&nbsp;<\/li><li>Misia n\u00e1rodom b\u00fdvalej Juhosl\u00e1vie a&nbsp;in\u00fdm n\u00e1rodom<\/li><\/ul>\n\n\n\n<p><\/p>\n<\/div><\/div>\n\n\n\n<p><\/p>\n","protected":false},"excerpt":{"rendered":"<p>Kres\u0165ansk\u00e9 centrum Sl\u00fa\u017eime najm\u00e4 duchovn\u00fdm potreb\u00e1m \u010dlenov a priate\u013eov n\u00e1\u0161ho zboru. Preto zabezpe\u010dujeme r\u00f4zne stretnutia: Bohoslu\u017eby, Dom\u00e1ce skupinky, Bohoslu\u017eby pre deti, dorast, ml\u00e1de\u017e a R\u00f3mske skupinky&#8230; Osobn\u00fa pastor\u00e1ciu Poradenstvo, V\u00fdchovno-vzdel\u00e1vacie [&hellip;]<\/p>\n","protected":false},"author":1,"featured_media":0,"parent":0,"menu_order":0,"comment_status":"closed","ping_status":"closed","template":"","meta":{"advgb_blocks_editor_width":"","advgb_blocks_columns_visual_guide":"","_EventAllDay":false,"_EventTimezone":"","_EventStartDate":"","_EventEndDate":"","_EventStartDateUTC":"","_EventEndDateUTC":"","_EventShowMap":false,"_EventShowMapLink":false,"_EventURL":"","_EventCost":"","_EventCostDescription":"","_EventCurrencySymbol":"","_EventCurrencyCode":"","_EventCurrencyPosition":"","_EventDateTimeSeparator":"","_EventTimeRangeSeparator":"","_EventOrganizerID":[],"_EventVenueID":[],"_OrganizerEmail":"","_OrganizerPhone":"","_OrganizerWebsite":"","_VenueAddress":"","_VenueCity":"","_VenueCountry":"","_VenueProvince":"","_VenueState":"","_VenueZip":"","_VenuePhone":"","_VenueURL":"","_VenueStateProvince":"","_VenueLat":"","_VenueLng":"","_VenueShowMap":false,"_VenueShowMapLink":false,"footnotes":""},"class_list":["post-2326","page","type-page","status-publish","hentry"],"coauthors":[],"author_meta":{"author_link":"https:\/\/agapecentrum.sk\/?author=1","display_name":"admin"},"relative_dates":{"created":"Posted 9 rokov ago","modified":"Updated 6 rokov ago"},"absolute_dates":{"created":"Posted on 6 febru\u00e1ra, 2017","modified":"Updated on 19 okt\u00f3bra, 2020"},"absolute_dates_time":{"created":"Posted on 6 febru\u00e1ra, 2017 7:37 pm","modified":"Updated on 19 okt\u00f3bra, 2020 8:48 am"},"featured_img_caption":"","featured_img":false,"series_order":"","_links":{"self":[{"href":"https:\/\/agapecentrum.sk\/index.php?rest_route=\/wp\/v2\/pages\/2326","targetHints":{"allow":["GET"]}}],"collection":[{"href":"https:\/\/agapecentrum.sk\/index.php?rest_route=\/wp\/v2\/pages"}],"about":[{"href":"https:\/\/agapecentrum.sk\/index.php?rest_route=\/wp\/v2\/types\/page"}],"author":[{"embeddable":true,"href":"https:\/\/agapecentrum.sk\/index.php?rest_route=\/wp\/v2\/users\/1"}],"replies":[{"embeddable":true,"href":"https:\/\/agapecentrum.sk\/index.php?rest_route=%2Fwp%2Fv2%2Fcomments&post=2326"}],"version-history":[{"count":5,"href":"https:\/\/agapecentrum.sk\/index.php?rest_route=\/wp\/v2\/pages\/2326\/revisions"}],"predecessor-version":[{"id":2670,"href":"https:\/\/agapecentrum.sk\/index.php?rest_route=\/wp\/v2\/pages\/2326\/revisions\/2670"}],"wp:attachment":[{"href":"https:\/\/agapecentrum.sk\/index.php?rest_route=%2Fwp%2Fv2%2Fmedia&parent=2326"}],"curies":[{"name":"wp","href":"https:\/\/api.w.org\/{rel}","templated":true}]}}