{"id":203,"date":"2011-09-14T09:45:02","date_gmt":"2011-09-14T09:45:02","guid":{"rendered":"https:\/\/agapecentrum.sk\/"},"modified":"2020-10-01T12:26:14","modified_gmt":"2020-10-01T12:26:14","slug":"home","status":"publish","type":"page","link":"https:\/\/agapecentrum.sk\/","title":{"rendered":"Domov"},"content":{"rendered":"\n<div class=\"wp-block-group\"><div class=\"wp-block-group__inner-container is-layout-flow wp-block-group-is-layout-flow\"><\/div><\/div>\n\n\n\n<div style=\"height:100px\" aria-hidden=\"true\" class=\"wp-block-spacer\"><\/div>\n\n\n\n<blockquote class=\"wp-block-quote has-text-align-center is-style-large is-layout-flow wp-block-quote-is-layout-flow\" style=\"color:#000000\"><p>Motto:<br>&#8222;<strong>Je\u017ei\u0161 Kristus osl\u00e1ven\u00fd, P\u00fachov a Pova\u017eie zachr\u00e1nen\u00e9.<\/strong>&#8222;<\/p><\/blockquote>\n\n\n\n<div style=\"height:100px\" aria-hidden=\"true\" class=\"wp-block-spacer\"><\/div>\n\n\n\n<p><\/p>\n","protected":false},"excerpt":{"rendered":"<p>Motto:&#8222;Je\u017ei\u0161 Kristus osl\u00e1ven\u00fd, P\u00fachov a Pova\u017eie zachr\u00e1nen\u00e9.&#8222;<\/p>\n","protected":false},"author":1,"featured_media":2552,"parent":0,"menu_order":0,"comment_status":"closed","ping_status":"closed","template":"","meta":{"advgb_blocks_editor_width":"","advgb_blocks_columns_visual_guide":"","_EventAllDay":false,"_EventTimezone":"","_EventStartDate":"","_EventEndDate":"","_EventStartDateUTC":"","_EventEndDateUTC":"","_EventShowMap":false,"_EventShowMapLink":false,"_EventURL":"","_EventCost":"","_EventCostDescription":"","_EventCurrencySymbol":"","_EventCurrencyCode":"","_EventCurrencyPosition":"","_EventDateTimeSeparator":"","_EventTimeRangeSeparator":"","_EventOrganizerID":[],"_EventVenueID":[],"_OrganizerEmail":"","_OrganizerPhone":"","_OrganizerWebsite":"","_VenueAddress":"","_VenueCity":"","_VenueCountry":"","_VenueProvince":"","_VenueState":"","_VenueZip":"","_VenuePhone":"","_VenueURL":"","_VenueStateProvince":"","_VenueLat":"","_VenueLng":"","_VenueShowMap":false,"_VenueShowMapLink":false,"footnotes":""},"class_list":["post-203","page","type-page","status-publish","has-post-thumbnail","hentry"],"coauthors":[],"author_meta":{"author_link":"https:\/\/agapecentrum.sk\/?author=1","display_name":"admin"},"relative_dates":{"created":"Posted 15 rokov ago","modified":"Updated 6 rokov ago"},"absolute_dates":{"created":"Posted on 14 septembra, 2011","modified":"Updated on 1 okt\u00f3bra, 2020"},"absolute_dates_time":{"created":"Posted on 14 septembra, 2011 9:45 am","modified":"Updated on 1 okt\u00f3bra, 2020 12:26 pm"},"featured_img_caption":"","featured_img":"https:\/\/agapecentrum.sk\/wp-content\/uploads\/2020\/09\/20161112_171007.jpg","series_order":"","_links":{"self":[{"href":"https:\/\/agapecentrum.sk\/index.php?rest_route=\/wp\/v2\/pages\/203","targetHints":{"allow":["GET"]}}],"collection":[{"href":"https:\/\/agapecentrum.sk\/index.php?rest_route=\/wp\/v2\/pages"}],"about":[{"href":"https:\/\/agapecentrum.sk\/index.php?rest_route=\/wp\/v2\/types\/page"}],"author":[{"embeddable":true,"href":"https:\/\/agapecentrum.sk\/index.php?rest_route=\/wp\/v2\/users\/1"}],"replies":[{"embeddable":true,"href":"https:\/\/agapecentrum.sk\/index.php?rest_route=%2Fwp%2Fv2%2Fcomments&post=203"}],"version-history":[{"count":5,"href":"https:\/\/agapecentrum.sk\/index.php?rest_route=\/wp\/v2\/pages\/203\/revisions"}],"predecessor-version":[{"id":2633,"href":"https:\/\/agapecentrum.sk\/index.php?rest_route=\/wp\/v2\/pages\/203\/revisions\/2633"}],"wp:featuredmedia":[{"embeddable":true,"href":"https:\/\/agapecentrum.sk\/index.php?rest_route=\/wp\/v2\/media\/2552"}],"wp:attachment":[{"href":"https:\/\/agapecentrum.sk\/index.php?rest_route=%2Fwp%2Fv2%2Fmedia&parent=203"}],"curies":[{"name":"wp","href":"https:\/\/api.w.org\/{rel}","templated":true}]}}