{"id":14,"date":"2011-07-14T19:47:05","date_gmt":"2011-07-14T19:47:05","guid":{"rendered":"https:\/\/agapecentrum.sk\/contacts\/"},"modified":"2020-10-10T10:05:52","modified_gmt":"2020-10-10T10:05:52","slug":"kontakty","status":"publish","type":"page","link":"https:\/\/agapecentrum.sk\/?page_id=14","title":{"rendered":"Kontakty"},"content":{"rendered":"\n<div class=\"wp-block-coblocks-gallery-collage has-small-gutter\"><ul><li class=\"wp-block-coblocks-gallery-collage__item item-1\"><figure class=\"wp-block-coblocks-gallery-collage__figure\"><img loading=\"lazy\" decoding=\"async\" width=\"1024\" height=\"768\" src=\"https:\/\/agapecentrum.sk\/wp-content\/uploads\/2020\/08\/P8311253-1024x768.jpg\" alt=\"\" data-index=\"0\" data-id=\"2432\" data-imglink=\"\" data-link=\"https:\/\/agapecentrum.sk\/home\/attachment\/olympus-digital-camera\/\" class=\"wp-image-2432\" srcset=\"https:\/\/agapecentrum.sk\/wp-content\/uploads\/2020\/08\/P8311253-1024x768.jpg 1024w, https:\/\/agapecentrum.sk\/wp-content\/uploads\/2020\/08\/P8311253-300x225.jpg 300w, https:\/\/agapecentrum.sk\/wp-content\/uploads\/2020\/08\/P8311253-768x576.jpg 768w, https:\/\/agapecentrum.sk\/wp-content\/uploads\/2020\/08\/P8311253-1536x1152.jpg 1536w, https:\/\/agapecentrum.sk\/wp-content\/uploads\/2020\/08\/P8311253-2048x1536.jpg 2048w\" sizes=\"auto, (max-width: 1024px) 100vw, 1024px\" \/><\/figure><\/li><li class=\"wp-block-coblocks-gallery-collage__item item-2\"><figure class=\"wp-block-coblocks-gallery-collage__figure\"><img loading=\"lazy\" decoding=\"async\" width=\"1024\" height=\"768\" src=\"https:\/\/agapecentrum.sk\/wp-content\/uploads\/2020\/08\/P8311254-1024x768.jpg\" alt=\"\" data-index=\"1\" data-id=\"2439\" data-imglink=\"\" data-link=\"https:\/\/agapecentrum.sk\/home\/attachment\/olympus-digital-camera-3\/\" class=\"wp-image-2439\" srcset=\"https:\/\/agapecentrum.sk\/wp-content\/uploads\/2020\/08\/P8311254-1024x768.jpg 1024w, https:\/\/agapecentrum.sk\/wp-content\/uploads\/2020\/08\/P8311254-300x225.jpg 300w, https:\/\/agapecentrum.sk\/wp-content\/uploads\/2020\/08\/P8311254-768x576.jpg 768w, https:\/\/agapecentrum.sk\/wp-content\/uploads\/2020\/08\/P8311254-1536x1152.jpg 1536w, https:\/\/agapecentrum.sk\/wp-content\/uploads\/2020\/08\/P8311254-2048x1536.jpg 2048w\" sizes=\"auto, (max-width: 1024px) 100vw, 1024px\" \/><\/figure><\/li><li class=\"wp-block-coblocks-gallery-collage__item item-3\"><\/li><li class=\"wp-block-coblocks-gallery-collage__item item-4\"><\/li><li class=\"wp-block-coblocks-gallery-collage__item item-5\"><\/li><\/ul><\/div>\n\n\n<p>\u00a0<\/p>\n<h2>Kontaktn\u00e9 inform\u00e1cie<\/h2>\n<p><img loading=\"lazy\" decoding=\"async\" class=\"alignnone size-thumbnail wp-image-2270\" src=\"https:\/\/agapecentrum.sk\/wp-content\/uploads\/2011\/07\/pap_stefan-150x150.jpg\" alt=\"\" width=\"150\" height=\"150\" srcset=\"https:\/\/agapecentrum.sk\/wp-content\/uploads\/2011\/07\/pap_stefan-150x150.jpg 150w, https:\/\/agapecentrum.sk\/wp-content\/uploads\/2011\/07\/pap_stefan.jpg 250w\" sizes=\"auto, (max-width: 150px) 100vw, 150px\" \/><br \/>Senior pastor<br \/>\u0160tefan Pap<\/p>\n<p><strong>Apo\u0161tolsk\u00e1 cirkev na Slovensku<\/strong><br \/><strong> zbor Agape Centrum P\u00fachov<\/strong><strong><br \/>Obrancov mieru 1158<\/strong><br \/><strong>020 01 P\u00fachov<br \/><\/strong><br \/>Telef\u00f3n: 0905 962 594<br \/>E-mail: spap@acsr.sk<\/p>\n<h2>\u00a0<\/h2>\n\n\n<div style=\"min-height:400px\" data-map-attr=\"\/qaddress\/q:\/qObrancov mieru 1158\/3 020 01 P\u00fachov\/q||\/qlat\/q:\/qundefined\/q||\/qlng\/q:\/qundefined\/q||\/qskin\/q:\/qstandard\/q||\/qzoom\/q:\/q12\/q||\/qiconSize\/q:\/q36\/q||\/qmapTypeControl\/q:\/qtrue\/q||\/qzoomControl\/q:\/qtrue\/q||\/qstreetViewControl\/q:\/qtrue\/q||\/qfullscreenControl\/q:\/qtrue\/q\" class=\"wp-block-coblocks-map mb-0\"><iframe title=\"Google Map\" frameborder=\"0\" style=\"width:100%;min-height:400px\" src=\"https:\/\/www.google.com\/maps?q=Obrancov%20mieru%201158%2F3%20020%2001%20P%C3%BAchov&amp;output=embed&amp;hl=en-US&amp;z=12\"><\/iframe><\/div>\n\n\n\n<div style=\"height:59px\" aria-hidden=\"true\" class=\"wp-block-spacer\"><\/div>\n\n\n\n<h2 class=\"wp-block-heading\">Kontaktn\u00fd formul\u00e1r<\/h2>\n\n\n\n\n\n\n\n\n\n\n\n\n\n<p><\/p>\n","protected":false},"excerpt":{"rendered":"<p>\u00a0 Kontaktn\u00e9 inform\u00e1cie Senior pastor\u0160tefan Pap Apo\u0161tolsk\u00e1 cirkev na Slovensku zbor Agape Centrum P\u00fachovObrancov mieru 1158020 01 P\u00fachovTelef\u00f3n: 0905 962 594E-mail: spap@acsr.sk \u00a0 Kontaktn\u00fd formul\u00e1r<\/p>\n","protected":false},"author":1,"featured_media":0,"parent":0,"menu_order":6,"comment_status":"closed","ping_status":"closed","template":"","meta":{"advgb_blocks_editor_width":"","advgb_blocks_columns_visual_guide":"","_EventAllDay":false,"_EventTimezone":"","_EventStartDate":"","_EventEndDate":"","_EventStartDateUTC":"","_EventEndDateUTC":"","_EventShowMap":false,"_EventShowMapLink":false,"_EventURL":"","_EventCost":"","_EventCostDescription":"","_EventCurrencySymbol":"","_EventCurrencyCode":"","_EventCurrencyPosition":"","_EventDateTimeSeparator":"","_EventTimeRangeSeparator":"","_EventOrganizerID":[],"_EventVenueID":[],"_OrganizerEmail":"","_OrganizerPhone":"","_OrganizerWebsite":"","_VenueAddress":"","_VenueCity":"","_VenueCountry":"","_VenueProvince":"","_VenueState":"","_VenueZip":"","_VenuePhone":"","_VenueURL":"","_VenueStateProvince":"","_VenueLat":"","_VenueLng":"","_VenueShowMap":false,"_VenueShowMapLink":false,"footnotes":""},"class_list":["post-14","page","type-page","status-publish","hentry"],"coauthors":[],"author_meta":{"author_link":"https:\/\/agapecentrum.sk\/?author=1","display_name":"admin"},"relative_dates":{"created":"Posted 15 rokov ago","modified":"Updated 6 rokov ago"},"absolute_dates":{"created":"Posted on 14 j\u00fala, 2011","modified":"Updated on 10 okt\u00f3bra, 2020"},"absolute_dates_time":{"created":"Posted on 14 j\u00fala, 2011 7:47 pm","modified":"Updated on 10 okt\u00f3bra, 2020 10:05 am"},"featured_img_caption":"","featured_img":false,"series_order":"","_links":{"self":[{"href":"https:\/\/agapecentrum.sk\/index.php?rest_route=\/wp\/v2\/pages\/14","targetHints":{"allow":["GET"]}}],"collection":[{"href":"https:\/\/agapecentrum.sk\/index.php?rest_route=\/wp\/v2\/pages"}],"about":[{"href":"https:\/\/agapecentrum.sk\/index.php?rest_route=\/wp\/v2\/types\/page"}],"author":[{"embeddable":true,"href":"https:\/\/agapecentrum.sk\/index.php?rest_route=\/wp\/v2\/users\/1"}],"replies":[{"embeddable":true,"href":"https:\/\/agapecentrum.sk\/index.php?rest_route=%2Fwp%2Fv2%2Fcomments&post=14"}],"version-history":[{"count":5,"href":"https:\/\/agapecentrum.sk\/index.php?rest_route=\/wp\/v2\/pages\/14\/revisions"}],"predecessor-version":[{"id":2654,"href":"https:\/\/agapecentrum.sk\/index.php?rest_route=\/wp\/v2\/pages\/14\/revisions\/2654"}],"wp:attachment":[{"href":"https:\/\/agapecentrum.sk\/index.php?rest_route=%2Fwp%2Fv2%2Fmedia&parent=14"}],"curies":[{"name":"wp","href":"https:\/\/api.w.org\/{rel}","templated":true}]}}